{"id":14646,"date":"2023-03-13T22:10:52","date_gmt":"2023-03-13T22:10:52","guid":{"rendered":"https:\/\/www.setsplan.com\/?page_id=14646"},"modified":"2023-03-14T17:04:31","modified_gmt":"2023-03-14T17:04:31","slug":"faq","status":"publish","type":"page","link":"https:\/\/www.setsplan.com\/fr\/faq","title":{"rendered":"FAQ"},"content":{"rendered":"<p><\/p>\n<h2 class=\"p1\">QUESTIONS\u00a0? \/ REPONSES<\/h2>\n<p>&nbsp;<\/p>\n<p><strong><span class=\"s1\">Setsplan\u00a0: Qu&#8217;est-ce que c&#8217;est\u00a0?<\/span><\/strong><br \/>\nUne base de donn\u00e9es, reliant les entreprises de production aux technicien(ne)s et artistes des secteurs de l&#8217;audiovisuel, du film, de la photographie et de l&#8217;\u00e9v\u00e9nementiel. L&#8217;inscription pour les techniciens et artistes se fait gratuitement sur le site. Les bo\u00eetes de productions, directeurs de productions ou agences peuvent cr\u00e9er leur profil professionnel pour acc\u00e9der \u00e0 la base de techniciens.<\/p>\n<p>&nbsp;<\/p>\n<p><strong><span class=\"s1\">Le but de setsplan\u00a0?<\/span><\/strong><br \/>\n<strong><span class=\"s1\">Pour les techniciens\/techniciennes<\/span>\u00a0:<\/strong> Setsplan vous permet de partager vos disponibilit\u00e9s pour avoir une chance d&#8217;\u00eatre book\u00e9 par des entreprises de production et des agences. Les bo\u00eetes de productions ont acc\u00e8s \u00e0 votre profil pour\u00a0:<br \/>\n1) vous trouvez facilement avec le moteur de recherche.<br \/>\n2) voir vos disponibilit\u00e9s que vous aurez introduit vous m\u00eame (sur un maximum de 6 mois)<br \/>\n3) voir votre CV en ligne et prendre contact directement par mail ou t\u00e9l\u00e9phone.<br \/>\n4) des mails automatiques sont envoy\u00e9s directement \u00e0 l&#8217;\u00e9ch\u00e9ance de votre derni\u00e8re disponibilit\u00e9.<br \/>\n5) un gagne temps pour les 2 parties.<\/p>\n<p><img loading=\"lazy\" decoding=\"async\" width=\"1547\" height=\"580\" class=\"aligncenter wp-image-14697 size-full\" style=\"width: 100%; max-width: 1000px;\" src=\"https:\/\/www.setsplan.com\/wp-content\/uploads\/2023\/03\/Screenshot-2023-03-14-at-00.05.42.png\" alt=\"\" srcset=\"https:\/\/www.setsplan.com\/wp-content\/uploads\/2023\/03\/Screenshot-2023-03-14-at-00.05.42.png 1547w, https:\/\/www.setsplan.com\/wp-content\/uploads\/2023\/03\/Screenshot-2023-03-14-at-00.05.42-300x112.png 300w, https:\/\/www.setsplan.com\/wp-content\/uploads\/2023\/03\/Screenshot-2023-03-14-at-00.05.42-1024x384.png 1024w, https:\/\/www.setsplan.com\/wp-content\/uploads\/2023\/03\/Screenshot-2023-03-14-at-00.05.42-768x288.png 768w, https:\/\/www.setsplan.com\/wp-content\/uploads\/2023\/03\/Screenshot-2023-03-14-at-00.05.42-1536x576.png 1536w, https:\/\/www.setsplan.com\/wp-content\/uploads\/2023\/03\/Screenshot-2023-03-14-at-00.05.42-600x225.png 600w\" sizes=\"auto, (max-width: 1547px) 100vw, 1547px\" \/><\/p>\n<p>&nbsp;<\/p>\n<p>&nbsp;<\/p>\n<p><strong><span class=\"s1\">Pour les artistes\u00a0<\/span>:<\/strong> Setsplan vous permet de partager vos disponibilit\u00e9s pour avoir une chance d&#8217;\u00eatre book\u00e9 par les directeurs de castings, chefs de file et des agences. Setsplan est destin\u00e9 \u00e0 avoir vos disponibilit\u00e9s. Le profil complet (photos, infos, CV, vid\u00e9os, &#8230;) est \u00e0 cr\u00e9er sur\u00a0<a href=\"http:\/\/www.castinglux.com\/\"><span class=\"s2\">www.castinglux.com<\/span><\/a><\/p>\n<p>Vos avantages\u00a0:<br \/>\n1) avoir toutes vos disponibilit\u00e9s (sur un maximum de 6 mois) pour faciliter le booking ( profil complet sur castinglux), la recherche et les \u00e9ventuels changements de dates de tournages, shooting, \u2026<br \/>\n2) avoir votre propre profil pour changer \u00e0 tout moment vos disponibilit\u00e9s si besoin.<br \/>\n3) des mails automatiques sont envoy\u00e9s directement \u00e0 l&#8217;\u00e9change de votre derni\u00e8re disponibilit\u00e9.<br \/>\n4) mettre des \u00ab commentaires \u00bb sur les diff\u00e9rentes dates pour en informer les directeurs de casting, chefs de file et agences.<br \/>\n5) un gagne temps pour les 2 parties.<\/p>\n<p>&nbsp;<\/p>\n<p><strong><span class=\"s1\">Pour les bo\u00eetes de production, directeurs de production, agences, \u2026\u00a0:<\/span><\/strong><br \/>\nSetsplan r\u00e9unit les entreprises de production et les technicien(ne)s.<span class=\"Apple-converted-space\">\u00a0<\/span><\/p>\n<p class=\"p2\">Nous fournissons :<br \/>\n1) Une solution de r\u00e9servation pour trouver une \u00e9quipe disponible en un seul clic, n&#8217;importe o\u00f9 et n&#8217;importe quand.<br \/>\n2) Un moteur de recherche puissant au sein de notre communaut\u00e9 de talents de la Grande R\u00e9gion.<br \/>\n3) un gagne temps pour les 2 parties (fini les coups de fil sans fin pour trouver ses techniciens et savoir ses disponibilit\u00e9s. Contact direct avec les techniciens.)<br \/>\n4) Grand moteur de filtre sur le m\u00e9tier \u00e0 chercher, les disponibilit\u00e9s, le rayon de travail (km), les sous cat\u00e9gories, le projet, la ville, le pays, &#8230;<\/p>\n<p>&nbsp;<\/p>\n<p><img loading=\"lazy\" decoding=\"async\" width=\"1215\" height=\"1108\" class=\"aligncenter wp-image-14693 size-large\" style=\"width: 100%; max-width: 1000px;\" src=\"https:\/\/www.setsplan.com\/wp-content\/uploads\/2023\/03\/Screenshot-2023-03-14-at-00.15.49.png\" alt=\"\" srcset=\"https:\/\/www.setsplan.com\/wp-content\/uploads\/2023\/03\/Screenshot-2023-03-14-at-00.15.49.png 1215w, https:\/\/www.setsplan.com\/wp-content\/uploads\/2023\/03\/Screenshot-2023-03-14-at-00.15.49-300x274.png 300w, https:\/\/www.setsplan.com\/wp-content\/uploads\/2023\/03\/Screenshot-2023-03-14-at-00.15.49-1024x934.png 1024w, https:\/\/www.setsplan.com\/wp-content\/uploads\/2023\/03\/Screenshot-2023-03-14-at-00.15.49-768x700.png 768w, https:\/\/www.setsplan.com\/wp-content\/uploads\/2023\/03\/Screenshot-2023-03-14-at-00.15.49-600x547.png 600w\" sizes=\"auto, (max-width: 1215px) 100vw, 1215px\" \/><\/p>\n<p>&nbsp;<\/p>\n<p>&nbsp;<\/p>\n<p class=\"p2\"><strong><span class=\"s1\">Les membres (bo\u00eetes de production, directeurs de productions, agences, \u2026) cotisation annuelle \u00e0 payer\u00a0?<span class=\"Apple-converted-space\">\u00a0<\/span><\/span><\/strong><\/p>\n<p class=\"p2\">Le projet Setsplan a \u00e9t\u00e9 financ\u00e9 par Castinglux asbl (association sans but lucratif). Le but de cette plateforme est de donner un outil de travail rapide et efficace aux bo\u00eetes de productions, directeurs de productions, agences, &#8230;les techniciens et artistes. La cotisation annuelle servira \u00e0 financer le projet investi par l&#8217;asbl et \u00e0 continuer \u00e0 le d\u00e9velopper \u00e0 long terme. Un re\u00e7u sera fourni \u00e0 chaque membre \u00e0 la suite de son paiement.<\/p>\n<p>&nbsp;<\/p>\n<p class=\"p2\"><strong>Si vous avez d&#8217;autres questions merci de nous contacter par\u00a0:<\/strong><br \/>\n<a href=\"https:\/\/www.setsplan.com\/fr\/contact\"><span class=\"s2\">https:\/\/www.setsplan.com\/fr\/contact<\/span><\/a><\/p>\n<p>Setsplan \/ Castinglux a.s.b.l.<br \/>\n25-27 Zone industrielle<br \/>\nL-8287 KEHLEN<\/p>\n<p>&nbsp;<\/p>\n<p>*Setsplan est uniquement responsable de la mise en relation des entreprises de production, des techniciens et des artistes.<span class=\"s3\"><br \/>\n<\/span>Setsplan n&#8217;est pas responsable des n\u00e9gociations, accords, etc. qui ont lieu entre les entreprises de production, les techniciens et les artistes.<\/p>","protected":false},"excerpt":{"rendered":"<p>QUESTIONS\u00a0? \/ REPONSES &nbsp; Setsplan\u00a0: Qu&#8217;est-ce que c&#8217;est\u00a0? Une base de donn\u00e9es, reliant les entreprises de production aux technicien(ne)s et artistes des secteurs de l&#8217;audiovisuel, du film, de la photographie et de l&#8217;\u00e9v\u00e9nementiel. L&#8217;inscription pour les techniciens et artistes se fait gratuitement sur le site. Les bo\u00eetes de productions, directeurs de productions ou agences peuvent [&hellip;]<\/p>\n","protected":false},"author":1,"featured_media":0,"parent":0,"menu_order":0,"comment_status":"closed","ping_status":"closed","template":"template-content.php","meta":{"footnotes":""},"class_list":["post-14646","page","type-page","status-publish","hentry"],"acf":[],"_links":{"self":[{"href":"https:\/\/www.setsplan.com\/fr\/wp-json\/wp\/v2\/pages\/14646","targetHints":{"allow":["GET"]}}],"collection":[{"href":"https:\/\/www.setsplan.com\/fr\/wp-json\/wp\/v2\/pages"}],"about":[{"href":"https:\/\/www.setsplan.com\/fr\/wp-json\/wp\/v2\/types\/page"}],"author":[{"embeddable":true,"href":"https:\/\/www.setsplan.com\/fr\/wp-json\/wp\/v2\/users\/1"}],"replies":[{"embeddable":true,"href":"https:\/\/www.setsplan.com\/fr\/wp-json\/wp\/v2\/comments?post=14646"}],"version-history":[{"count":18,"href":"https:\/\/www.setsplan.com\/fr\/wp-json\/wp\/v2\/pages\/14646\/revisions"}],"predecessor-version":[{"id":15333,"href":"https:\/\/www.setsplan.com\/fr\/wp-json\/wp\/v2\/pages\/14646\/revisions\/15333"}],"wp:attachment":[{"href":"https:\/\/www.setsplan.com\/fr\/wp-json\/wp\/v2\/media?parent=14646"}],"curies":[{"name":"wp","href":"https:\/\/api.w.org\/{rel}","templated":true}]}}